{"id":7736,"date":"2025-12-18T09:28:05","date_gmt":"2025-12-18T09:28:05","guid":{"rendered":"http:\/\/katzenzuhause-shop.de\/?post_type=product&#038;p=7736"},"modified":"2025-12-18T14:00:42","modified_gmt":"2025-12-18T14:00:42","slug":"geschenkurkunde-fuer-spenden","status":"publish","type":"product","link":"https:\/\/katzenzuhause-shop.de\/?product=geschenkurkunde-fuer-spenden","title":{"rendered":"Spenden mit Geschenkurkunde"},"content":{"rendered":"\n<p>\ud83c\udf81 Sinnvoll schenken<br>Was schenkt man einem tierlieben Menschen, der scheinbar schon alles hat? Ob Geburtstag, Jubil\u00e4um, als Dankesch\u00f6n, zu Weihnachten, zum Hochzeitstag oder einfach so: Eine geschenkte Spende oder Patenschaft ist ein Geschenk mit echter Bedeutung \u2013 f\u00fcr Tierfreund:innen und f\u00fcr unsere Samtpfoten.<\/p>\n\n\n\n<p>\ud83c\udfa8 Individuell &amp; liebevoll gestaltet<br>\u2013 Wahlweise mit vorgegebenem Bild einer Langhaarkatze oder mit deinem eigenen Foto<br>\u2013 Name individuell anpassbar<br>\u2013 Vorgegebener Text oder pers\u00f6nlicher Wunschtext m\u00f6glich<br>\u2013 Ein Herzensgeschenk, das nachhaltig Gutes bewirkt<\/p>\n\n\n\n<p>\ud83d\udd52 Herstellungszeit<br>ca. 1\u20135 Tage nach Zahlungseingang<\/p>\n\n\n\n<p>\ud83d\udc8c So einfach funktioniert die Bestellung<br>1. Du bestellst die Urkunde bequem in unserem Onlineshop.<br><br>2. Anschlie\u00dfend w\u00e4hlst du deine Wunsch-Variante:<\/p>\n\n\n\n<ul class=\"wp-block-list\">\n<li>Bild: vorgegebenes Katzenmotiv oder eigenes Foto <br>(Eigenes Foto sendest du unter Angabe deiner Bestellnummer an <a href=\"mailto:webmaster@katzenzuhause.de\">webmaster@katzenzuhause.de<\/a>) <\/li>\n\n\n\n<li>Text: Standardtext oder individueller Text<\/li>\n\n\n\n<li>Versand:\n<ul class=\"wp-block-list\">\n<li>Geschenkurkunde per Post direkt zu dir nach Hause<\/li>\n\n\n\n<li>Geschenkurkunde als PDF zum Selbstausdrucken<\/li>\n\n\n\n<li>Geschenkurkunde als JPG-Datei, z. B. zum Ausdrucken an einer Fotostation (z. B. Drogerie)<\/li>\n<\/ul>\n<\/li>\n<\/ul>\n\n\n\n<p>3. Wir erg\u00e4nzen alle pers\u00f6nlichen Angaben f\u00fcr dich.<\/p>\n\n\n\n<p>4. Zum Schluss erh\u00e4ltst du die fertige Urkunde per E-Mail oder per Post \u2013 ganz nach deiner Auswahl.<\/p>\n\n\n\n<p>\ud83e\udde1 <strong>Mit jeder geschenkten Spende hilfst du unseren Sch\u00fctzlingen \u2013 und schenkst doppelt Freude.<\/strong><\/p>\n\n\n\n<hr class=\"wp-block-separator has-alpha-channel-opacity\"\/>\n\n\n\n<p>\ud83d\udcdc <strong>Standard-Spendentext auf Geschenkurkunde<\/strong><br>f\u00fcr<em>[Name von der schenkden Person] <\/em>f\u00fcr <em>[Name der beschenkten Person]<\/em><br>Der Tierschutzverein Katzenzuhause e.V. wurde 2008 gegr\u00fcndet und setzt sich f\u00fcr Kastrationsaktion von herrenlosen und verwilderten Hauskatzen sowie die Vermittlung von Fund- und Abgabetieren im Main-Kinzig-Kreis ein. Jedes Tier hat beim Tierschutzverein Katzenzuhause e.V. seinen eigenen Stellenwert, so vermitteln wir Katzen mit und ohne Behinderung, alte und scheue Tiere. Auch kranke Tiere werden bei uns aufgenommen, medizinisch versorgt und nach Genesung in ein gutes Zuhause vermittelt. Wir bedanken uns f\u00fcr die Spende in H\u00f6he von <em>[Spendenbetrag]<\/em> \u20ac im Namen der Sch\u00fctzlinge vom Tierschutzverein Katzenzuhause e.V.<\/p>\n\n\n\n<p>M\u00f6chtest du eine ganz individuelle Geschenkurkunde f\u00fcr deine Spende mit eigenem Foto und eigenem Text? <\/p>\n\n\n\n<p><\/p>\n","protected":false},"excerpt":{"rendered":"<p>Tun Sie Gutes und verschenken eine Spende oder eine Patenschaft.<\/p>\n","protected":false},"featured_media":7656,"template":"","meta":[],"product_brand":[],"product_cat":[78,88,89],"product_tag":[],"class_list":{"0":"post-7736","1":"product","2":"type-product","3":"status-publish","4":"has-post-thumbnail","6":"product_cat-anlaesse-und-geschenke","7":"product_cat-personalisierbar","8":"product_cat-spende","10":"first","11":"instock","12":"shipping-taxable","13":"purchasable","14":"product-type-variable"},"aioseo_notices":[],"_links":{"self":[{"href":"https:\/\/katzenzuhause-shop.de\/index.php?rest_route=\/wp\/v2\/product\/7736","targetHints":{"allow":["GET"]}}],"collection":[{"href":"https:\/\/katzenzuhause-shop.de\/index.php?rest_route=\/wp\/v2\/product"}],"about":[{"href":"https:\/\/katzenzuhause-shop.de\/index.php?rest_route=\/wp\/v2\/types\/product"}],"wp:featuredmedia":[{"embeddable":true,"href":"https:\/\/katzenzuhause-shop.de\/index.php?rest_route=\/wp\/v2\/media\/7656"}],"wp:attachment":[{"href":"https:\/\/katzenzuhause-shop.de\/index.php?rest_route=%2Fwp%2Fv2%2Fmedia&parent=7736"}],"wp:term":[{"taxonomy":"product_brand","embeddable":true,"href":"https:\/\/katzenzuhause-shop.de\/index.php?rest_route=%2Fwp%2Fv2%2Fproduct_brand&post=7736"},{"taxonomy":"product_cat","embeddable":true,"href":"https:\/\/katzenzuhause-shop.de\/index.php?rest_route=%2Fwp%2Fv2%2Fproduct_cat&post=7736"},{"taxonomy":"product_tag","embeddable":true,"href":"https:\/\/katzenzuhause-shop.de\/index.php?rest_route=%2Fwp%2Fv2%2Fproduct_tag&post=7736"}],"curies":[{"name":"wp","href":"https:\/\/api.w.org\/{rel}","templated":true}]}}