{"id":7319,"date":"2025-10-25T15:08:05","date_gmt":"2025-10-25T15:08:05","guid":{"rendered":"http:\/\/katzenzuhause-shop.de\/?post_type=product&#038;p=7319"},"modified":"2025-12-17T12:29:50","modified_gmt":"2025-12-17T12:29:50","slug":"untersetzer-fuer-tasse-topf-personalisierbar-geschenkidee-fuer-koeche","status":"publish","type":"product","link":"https:\/\/katzenzuhause-shop.de\/?product=untersetzer-fuer-tasse-topf-personalisierbar-geschenkidee-fuer-koeche","title":{"rendered":"Korkuntersetzer f\u00fcr T\u00f6pfe &amp; Tassen \u2013 personalisierbar"},"content":{"rendered":"\n<p>Wir bieten Euch zwei Varianten an: Untersetzer f\u00fcr T\u00f6pfe und Untersetzter f\u00fcr Tassen. Beide sind personalisierbar. <br><br>\ud83d\udc9b <strong>Topfuntersetzer: Bei Oma schmeckt\u2019s einfach am besten!<\/strong><br>Dieser gravierte <strong>Topfuntersetzer aus Kork<\/strong> ist eine liebevolle Hommage an alle Omas, deren K\u00fcche nach Heimat, Geborgenheit und Kindheit schmeckt. Perfekt als Geschenk f\u00fcr Gro\u00dfm\u00fctter, Kochbegeisterte oder als Deko f\u00fcr die Familienk\u00fcche.<br><\/p>\n\n\n\n<p><strong>\ud83d\udcab Tassenuntersetzer: Einhorn oder Huhn<\/strong><br>Diese gravierten Tassenuntersetzer aus Kork bringen mit Motiven wie einem s\u00fc\u00dfen Einhorn oder dem charmanten Spruch \u201eLife is better with Chickens\u201c tierisch gute Laune auf den Tisch. Perfekt als kleines Geschenk f\u00fcr Tierfreunde, Kaffeeliebhaber oder einfach f\u00fcr dich selbst.<\/p>\n\n\n\n<p>\ud83d\udd25 <strong>Praktisch &amp; dekorativ<\/strong><br>Die Untersetzer sch\u00fctzt den Tisch \u2013 und zaubert zugleich ein L\u00e4cheln auf die Lippen. <\/p>\n\n\n\n<p>\u270d\ufe0f <strong>Individuell personalisierbar<\/strong><br>Du m\u00f6chtest einen eigenen Spruch, einen Namen oder ein anderes Motiv? Kein Problem \u2013 gib einfach deinen Wunschtext beim Bestellen an. Auch andere Anl\u00e4sse setzen wir gerne um: Schreib uns an <a>webmaster@katzenzuhause.de<\/a><\/p>\n\n\n\n<p>\ud83c\udf3f <strong>Nat\u00fcrlich sch\u00f6n<\/strong><br>Kork ist ein reines Naturmaterial \u2013 leichte Farbunterschiede, kleine Unebenheiten oder individuelle Maserung geh\u00f6ren dazu und machen jedes Produkt zum Unikat.<\/p>\n\n\n\n<hr class=\"wp-block-separator has-alpha-channel-opacity\"\/>\n\n\n\n<p>\ud83d\udce6 <strong>Verf\u00fcgbarkeit, Abholung &amp; Versand:<\/strong><br><br>Die Produkte werden in liebevoller Handarbeit von Katzenfreunden in kleinen Mengen gefertigt und sind daher <strong>nur begrenzt verf\u00fcgbar<\/strong>. <\/p>\n\n\n\n<p><strong>Abholung <\/strong>ist in der <strong>VETPraxis f\u00fcr Kleintiere GmbH<\/strong> in 63599 Biebergem\u00fcnd-Kassel zu den <a href=\"https:\/\/www.praxis-kleintiere.de\" title=\"\">\u00d6ffnungszeiten<\/a> m\u00f6glich. <br>Sobald die Bestellung abholbereit ist, senden wir eine E-Mail. Kontaktier uns bitte, falls das Produkt zu einem gewissen Datum abholbereit sein soll per Mail an <a href=\"mailto:webmaster@katzenzuahuse.de\" title=\"mailto:webmaster@katzenzuahuse.de\">webmaster@katzenzuahuse.de<\/a> <\/p>\n\n\n\n<p><strong>Versand <\/strong>erfolgt per DHL.<\/p>\n","protected":false},"excerpt":{"rendered":"<p>Tassen- und Topfuntersetzer aus Kork<\/p>\n","protected":false},"featured_media":7709,"template":"","meta":[],"product_brand":[],"product_cat":[78,88],"product_tag":[],"class_list":{"0":"post-7319","1":"product","2":"type-product","3":"status-publish","4":"has-post-thumbnail","6":"product_cat-anlaesse-und-geschenke","7":"product_cat-personalisierbar","8":"product_shipping_class-versand-mittel","10":"first","11":"instock","12":"shipping-taxable","13":"purchasable","14":"product-type-variable"},"aioseo_notices":[],"_links":{"self":[{"href":"https:\/\/katzenzuhause-shop.de\/index.php?rest_route=\/wp\/v2\/product\/7319","targetHints":{"allow":["GET"]}}],"collection":[{"href":"https:\/\/katzenzuhause-shop.de\/index.php?rest_route=\/wp\/v2\/product"}],"about":[{"href":"https:\/\/katzenzuhause-shop.de\/index.php?rest_route=\/wp\/v2\/types\/product"}],"wp:featuredmedia":[{"embeddable":true,"href":"https:\/\/katzenzuhause-shop.de\/index.php?rest_route=\/wp\/v2\/media\/7709"}],"wp:attachment":[{"href":"https:\/\/katzenzuhause-shop.de\/index.php?rest_route=%2Fwp%2Fv2%2Fmedia&parent=7319"}],"wp:term":[{"taxonomy":"product_brand","embeddable":true,"href":"https:\/\/katzenzuhause-shop.de\/index.php?rest_route=%2Fwp%2Fv2%2Fproduct_brand&post=7319"},{"taxonomy":"product_cat","embeddable":true,"href":"https:\/\/katzenzuhause-shop.de\/index.php?rest_route=%2Fwp%2Fv2%2Fproduct_cat&post=7319"},{"taxonomy":"product_tag","embeddable":true,"href":"https:\/\/katzenzuhause-shop.de\/index.php?rest_route=%2Fwp%2Fv2%2Fproduct_tag&post=7319"}],"curies":[{"name":"wp","href":"https:\/\/api.w.org\/{rel}","templated":true}]}}