{"id":7318,"date":"2025-10-25T15:01:29","date_gmt":"2025-10-25T15:01:29","guid":{"rendered":"http:\/\/katzenzuhause-shop.de\/?post_type=product&#038;p=7318"},"modified":"2025-12-17T10:16:49","modified_gmt":"2025-12-17T10:16:49","slug":"geldgeschenk-happy-birthday","status":"publish","type":"product","link":"https:\/\/katzenzuhause-shop.de\/?product=geldgeschenk-happy-birthday","title":{"rendered":"Happy Birthday &#8211; Geldgeschenk"},"content":{"rendered":"\n<p>\ud83c\udf88 <strong>Geschenke einpacken mal anders<\/strong><br>Diese liebevoll gestaltete Geschenkverpackung in Form eines Happy-Birthday Textes mit Luftballon und Geschenk aus Holz ist eine originelle M\u00f6glichkeit, Geldscheine stilvoll zu \u00fcberreichen. Das Geldgeschenk sorgt garantiert f\u00fcr ein L\u00e4cheln.<\/p>\n\n\n\n<p>\u270d\ufe0f <strong>Personalisierbar nach Wunsch<\/strong><br>Auf Wunsch kann die Holzverpackung mit einem Namen oder Spruch personalisiert werden. Trage deinen Wunschtext beim Bestellen einfach in das vorgesehene Feld ein.<\/p>\n\n\n\n<p>\ud83c\udfa8 <strong>F\u00fcr kreative K\u00f6pfe<\/strong><br>Das Produkt kann bemalt, beklebt oder ganz nat\u00fcrlich belassen werden \u2013 ideal f\u00fcr DIY-Fans, Kinder oder kreative Geschenkideen.<\/p>\n\n\n\n<hr class=\"wp-block-separator has-alpha-channel-opacity\"\/>\n\n\n\n<p>\ud83d\udce6 <strong>Verf\u00fcgbarkeit, Abholung &amp; Versand:<\/strong><br><br>Die Produkte werden in liebevoller Handarbeit von Katzenfreunden in kleinen Mengen gefertigt und sind daher <strong>nur begrenzt verf\u00fcgbar<\/strong>. <\/p>\n\n\n\n<p><strong>Abholung <\/strong>ist in der <strong>VETPraxis f\u00fcr Kleintiere GmbH<\/strong> in 63599 Biebergem\u00fcnd-Kassel zu den <a href=\"https:\/\/www.praxis-kleintiere.de\" title=\"\">\u00d6ffnungszeiten<\/a> m\u00f6glich. <br>Sobald die Bestellung abholbereit ist, senden wir eine E-Mail. Kontaktier uns bitte, falls das Produkt zu einem gewissen Datum abholbereit sein soll per Mail an <a href=\"mailto:webmaster@katzenzuahuse.de\" title=\"mailto:webmaster@katzenzuahuse.de\">webmaster@katzenzuahuse.de<\/a> <\/p>\n\n\n\n<p><strong>Versand <\/strong>erfolgt per DHL.<\/p>\n","protected":false},"excerpt":{"rendered":"<p>Geldgeschenk-Verpackung aus Holz \u2013 ideal f\u00fcr Scheine.<\/p>\n","protected":false},"featured_media":7697,"template":"","meta":[],"product_brand":[],"product_cat":[78,88],"product_tag":[],"class_list":{"0":"post-7318","1":"product","2":"type-product","3":"status-publish","4":"has-post-thumbnail","6":"product_cat-anlaesse-und-geschenke","7":"product_cat-personalisierbar","8":"product_shipping_class-versand-gross","10":"first","11":"instock","12":"shipping-taxable","13":"purchasable","14":"product-type-simple"},"aioseo_notices":[],"_links":{"self":[{"href":"https:\/\/katzenzuhause-shop.de\/index.php?rest_route=\/wp\/v2\/product\/7318","targetHints":{"allow":["GET"]}}],"collection":[{"href":"https:\/\/katzenzuhause-shop.de\/index.php?rest_route=\/wp\/v2\/product"}],"about":[{"href":"https:\/\/katzenzuhause-shop.de\/index.php?rest_route=\/wp\/v2\/types\/product"}],"wp:featuredmedia":[{"embeddable":true,"href":"https:\/\/katzenzuhause-shop.de\/index.php?rest_route=\/wp\/v2\/media\/7697"}],"wp:attachment":[{"href":"https:\/\/katzenzuhause-shop.de\/index.php?rest_route=%2Fwp%2Fv2%2Fmedia&parent=7318"}],"wp:term":[{"taxonomy":"product_brand","embeddable":true,"href":"https:\/\/katzenzuhause-shop.de\/index.php?rest_route=%2Fwp%2Fv2%2Fproduct_brand&post=7318"},{"taxonomy":"product_cat","embeddable":true,"href":"https:\/\/katzenzuhause-shop.de\/index.php?rest_route=%2Fwp%2Fv2%2Fproduct_cat&post=7318"},{"taxonomy":"product_tag","embeddable":true,"href":"https:\/\/katzenzuhause-shop.de\/index.php?rest_route=%2Fwp%2Fv2%2Fproduct_tag&post=7318"}],"curies":[{"name":"wp","href":"https:\/\/api.w.org\/{rel}","templated":true}]}}