{"id":7253,"date":"2025-10-21T12:53:04","date_gmt":"2025-10-21T12:53:04","guid":{"rendered":"http:\/\/katzenzuhause-shop.de\/?post_type=product&#038;p=7253"},"modified":"2025-12-17T10:15:59","modified_gmt":"2025-12-17T10:15:59","slug":"eingangsschild-fruehlingsgefuehle-mit-hasenohren-osterdeko","status":"publish","type":"product","link":"https:\/\/katzenzuhause-shop.de\/?product=eingangsschild-fruehlingsgefuehle-mit-hasenohren-osterdeko","title":{"rendered":"Eingangsschild Fr\u00fchlingsgef\u00fchle mit Hasenohren \u2013 Osterdeko"},"content":{"rendered":"\n<p>\ud83c\udf38 <strong>Begr\u00fc\u00dfe den Fr\u00fchling mit Hasenohren und Herz<\/strong><br>Dieses zauberhafte Eingangsschild aus Holz bringt fr\u00f6hliche <strong>Fr\u00fchlingsgef\u00fchle<\/strong> direkt an deine Haust\u00fcr \u2013 oder ans Fenster. In runder Form gestaltet, mit zwei Hasenohren oben, ist es eine liebevolle und zeitlose Dekoidee f\u00fcr die Osterzeit und den Fr\u00fchling.<\/p>\n\n\n\n<p>\ud83d\udd28 <strong>Flexibel einsetzbar &amp; leicht zu befestigen<\/strong><br>Ob an der Haust\u00fcr, am Fenster oder als Wanddeko im Innenbereich \u2013 mit einer Schnur oder einem Haken l\u00e4sst sich das Schild schnell und sicher anbringen.<\/p>\n\n\n\n<p>\ud83d\udccf <strong>Ma\u00dfe:<\/strong> H\u00f6he: 29 cm x Breite: 21 cm &#8211; Materialst\u00e4rke: ca. 0,4\u202fcm<\/p>\n\n\n\n<p>\ud83c\udf3f <strong>Nat\u00fcrlich sch\u00f6n<\/strong><br>Holz ist ein Naturmaterial \u2013 kein St\u00fcck gleicht dem anderen. Farbnuancen, Astl\u00f6cher oder feine Maserungen machen jedes Schild zum echten Unikat. Wer den Lagerfeuerduft nicht mag, kann ihn mit einem Spritzer Essig mildern<\/p>\n\n\n\n<hr class=\"wp-block-separator has-alpha-channel-opacity\"\/>\n\n\n\n<p>\ud83d\udce6 <strong>Verf\u00fcgbarkeit, Abholung &amp; Versand:<\/strong><br><br>Die Produkte werden in liebevoller Handarbeit von Katzenfreunden in kleinen Mengen gefertigt und sind daher <strong>nur begrenzt verf\u00fcgbar<\/strong>. <\/p>\n\n\n\n<p><strong>Abholung <\/strong>ist in der <strong>VETPraxis f\u00fcr Kleintiere GmbH<\/strong> in 63599 Biebergem\u00fcnd-Kassel zu den <a href=\"https:\/\/www.praxis-kleintiere.de\" title=\"\">\u00d6ffnungszeiten<\/a> m\u00f6glich. <br>Sobald die Bestellung abholbereit ist, senden wir eine E-Mail. Kontaktier uns bitte, falls das Produkt zu einem gewissen Datum abholbereit sein soll per Mail an <a href=\"mailto:webmaster@katzenzuahuse.de\" title=\"mailto:webmaster@katzenzuahuse.de\">webmaster@katzenzuahuse.de<\/a> <\/p>\n\n\n\n<p><strong>Versand <\/strong>erfolgt per DHL.<\/p>\n","protected":false},"excerpt":{"rendered":"<p>Eingangsschild mit Hasenohren aus Holz \u2013 rund mit Schriftzug \u201eFr\u00fchlingsgef\u00fchle\u201c. Liebevoll handgefertigt.<\/p>\n","protected":false},"featured_media":7706,"template":"","meta":[],"product_brand":[],"product_cat":[54],"product_tag":[],"class_list":{"0":"post-7253","1":"product","2":"type-product","3":"status-publish","4":"has-post-thumbnail","6":"product_cat-fruehling-und-ostern","7":"product_shipping_class-versand-gross","9":"first","10":"instock","11":"shipping-taxable","12":"purchasable","13":"product-type-simple"},"aioseo_notices":[],"_links":{"self":[{"href":"https:\/\/katzenzuhause-shop.de\/index.php?rest_route=\/wp\/v2\/product\/7253","targetHints":{"allow":["GET"]}}],"collection":[{"href":"https:\/\/katzenzuhause-shop.de\/index.php?rest_route=\/wp\/v2\/product"}],"about":[{"href":"https:\/\/katzenzuhause-shop.de\/index.php?rest_route=\/wp\/v2\/types\/product"}],"wp:featuredmedia":[{"embeddable":true,"href":"https:\/\/katzenzuhause-shop.de\/index.php?rest_route=\/wp\/v2\/media\/7706"}],"wp:attachment":[{"href":"https:\/\/katzenzuhause-shop.de\/index.php?rest_route=%2Fwp%2Fv2%2Fmedia&parent=7253"}],"wp:term":[{"taxonomy":"product_brand","embeddable":true,"href":"https:\/\/katzenzuhause-shop.de\/index.php?rest_route=%2Fwp%2Fv2%2Fproduct_brand&post=7253"},{"taxonomy":"product_cat","embeddable":true,"href":"https:\/\/katzenzuhause-shop.de\/index.php?rest_route=%2Fwp%2Fv2%2Fproduct_cat&post=7253"},{"taxonomy":"product_tag","embeddable":true,"href":"https:\/\/katzenzuhause-shop.de\/index.php?rest_route=%2Fwp%2Fv2%2Fproduct_tag&post=7253"}],"curies":[{"name":"wp","href":"https:\/\/api.w.org\/{rel}","templated":true}]}}