{"id":7237,"date":"2025-10-21T09:24:04","date_gmt":"2025-10-21T09:24:04","guid":{"rendered":"http:\/\/katzenzuhause-shop.de\/?post_type=product&#038;p=7237"},"modified":"2025-12-17T09:52:26","modified_gmt":"2025-12-17T09:52:26","slug":"herbstdeko-beleuchtetes-herbstblatt","status":"publish","type":"product","link":"https:\/\/katzenzuhause-shop.de\/?product=herbstdeko-beleuchtetes-herbstblatt","title":{"rendered":"Beleuchtetes Herbstblatt"},"content":{"rendered":"\n<p>\ud83c\udf41 <strong>Herbstlich f\u00fcr dein Zuhause<\/strong><br>Dieses stimmungsvolle Licht in Form eines filigranen Herbstblattes bringt warme Behaglichkeit in jede Ecke \u2013 sei es auf dem Fensterbrett, im Flur oder als liebevolles Geschenk f\u00fcr Herbstliebhaber:innen.<\/p>\n\n\n\n<p>\ud83d\udca1 <strong>Mit Timer-Funktion und Batteriebetrieb<\/strong><br>Das Licht wird mit Batterien betrieben (nicht enthalten) und verf\u00fcgt \u00fcber eine Timerfunktion, sodass du es einmal einschalten und dann einfach genie\u00dfen kannst \u2013 ganz ohne Aufwand.<\/p>\n\n\n\n<p>\u2728 <strong>Handgemacht mit Charakter<\/strong><br>Gefertigt mit Hilfe eines Lasers, tr\u00e4gt jedes Blatt feine Spuren der Herstellung. Der dezente Duft nach <strong>Lagerfeuer<\/strong> verleiht dem Lichtobjekt eine warme, nostalgische Note.<\/p>\n\n\n\n<p>\ud83c\udf3f <strong><strong>Nat\u00fcrlich sch\u00f6n<\/strong><\/strong><br>Holz ist ein Naturprodukt \u2013 jedes Herbstblatt ist ein echtes Unikat! Kleine Unregelm\u00e4\u00dfigkeiten, Astl\u00f6cher oder Farbabweichungen machen den individuellen Charakter jedes St\u00fccks aus. Wer den Lagerfeuerduft nicht mag, kann ihn mit einem Spritzer Essig mildern.<\/p>\n\n\n\n<hr class=\"wp-block-separator has-alpha-channel-opacity\"\/>\n\n\n\n<p>\ud83d\udce6 <strong>Verf\u00fcgbarkeit, Abholung &amp; Versand:<\/strong><br><br>Die Produkte werden in liebevoller Handarbeit von Katzenfreunden in kleinen Mengen gefertigt und sind daher <strong>nur begrenzt verf\u00fcgbar<\/strong>. <\/p>\n\n\n\n<p><strong>Abholung <\/strong>ist in der <strong>VETPraxis f\u00fcr Kleintiere GmbH<\/strong> in 63599 Biebergem\u00fcnd-Kassel zu den <a href=\"https:\/\/www.praxis-kleintiere.de\" title=\"\">\u00d6ffnungszeiten<\/a> m\u00f6glich. <br>Sobald die Bestellung abholbereit ist, senden wir eine E-Mail. Kontaktier uns bitte, falls das Produkt zu einem gewissen Datum abholbereit sein soll per Mail an <a href=\"mailto:webmaster@katzenzuahuse.de\" title=\"mailto:webmaster@katzenzuahuse.de\">webmaster@katzenzuahuse.de<\/a> <\/p>\n\n\n\n<p><strong>Versand <\/strong>erfolgt per DHL.<\/p>\n","protected":false},"excerpt":{"rendered":"<p>Beleuchtetes Herbstblatt aus Holz \u2013 stimmungsvolle Herbstdeko mit Timerfunktion, liebevoll handgefertigt.<\/p>\n","protected":false},"featured_media":7686,"template":"","meta":[],"product_brand":[],"product_cat":[30],"product_tag":[],"class_list":{"0":"post-7237","1":"product","2":"type-product","3":"status-publish","4":"has-post-thumbnail","6":"product_cat-herbst","7":"product_shipping_class-versand-gross","9":"first","10":"instock","11":"shipping-taxable","12":"purchasable","13":"product-type-simple"},"aioseo_notices":[],"_links":{"self":[{"href":"https:\/\/katzenzuhause-shop.de\/index.php?rest_route=\/wp\/v2\/product\/7237","targetHints":{"allow":["GET"]}}],"collection":[{"href":"https:\/\/katzenzuhause-shop.de\/index.php?rest_route=\/wp\/v2\/product"}],"about":[{"href":"https:\/\/katzenzuhause-shop.de\/index.php?rest_route=\/wp\/v2\/types\/product"}],"wp:featuredmedia":[{"embeddable":true,"href":"https:\/\/katzenzuhause-shop.de\/index.php?rest_route=\/wp\/v2\/media\/7686"}],"wp:attachment":[{"href":"https:\/\/katzenzuhause-shop.de\/index.php?rest_route=%2Fwp%2Fv2%2Fmedia&parent=7237"}],"wp:term":[{"taxonomy":"product_brand","embeddable":true,"href":"https:\/\/katzenzuhause-shop.de\/index.php?rest_route=%2Fwp%2Fv2%2Fproduct_brand&post=7237"},{"taxonomy":"product_cat","embeddable":true,"href":"https:\/\/katzenzuhause-shop.de\/index.php?rest_route=%2Fwp%2Fv2%2Fproduct_cat&post=7237"},{"taxonomy":"product_tag","embeddable":true,"href":"https:\/\/katzenzuhause-shop.de\/index.php?rest_route=%2Fwp%2Fv2%2Fproduct_tag&post=7237"}],"curies":[{"name":"wp","href":"https:\/\/api.w.org\/{rel}","templated":true}]}}