{"id":7225,"date":"2025-10-21T08:28:19","date_gmt":"2025-10-21T08:28:19","guid":{"rendered":"http:\/\/katzenzuhause-shop.de\/?post_type=product&#038;p=7225"},"modified":"2025-12-17T10:12:31","modified_gmt":"2025-12-17T10:12:31","slug":"herbstdeko-handgemacht-kuerbis-holz","status":"publish","type":"product","link":"https:\/\/katzenzuhause-shop.de\/?product=herbstdeko-handgemacht-kuerbis-holz","title":{"rendered":"Herbststimmung pur: K\u00fcrbis aus Holz als Unikat-Deko"},"content":{"rendered":"\n<p>\ud83c\udf42 <strong>Hallo Herbst!<\/strong><br>Dieser kleine, orangefarbene Holzk\u00fcrbis begr\u00fc\u00dft die goldene Jahreszeit auf ganz besondere Weise. Florale Elemente verbinden die \u00dcbergangszeit von Sommer zu Herbst. Mit einem feinen, nat\u00fcrlichen Charme bringt er Herbststimmung in dein Zuhause \u2013 ob auf dem Sideboard, dem Fensterbrett oder als liebevolles Geschenk.<\/p>\n\n\n\n<p>\u2728 <strong>Handarbeit:<\/strong><br>Jeder K\u00fcrbis wird per Handarbeit mithilfe eines Lasers gefertigt. Dabei entstehen feine, dunkle Spuren, die dem Produkt einen rustikalen Look verleihen \u2013 und einen sanften Hauch von <strong>Lagerfeuerduft<\/strong>, der an gem\u00fctliche Abende erinnert.<\/p>\n\n\n\n<p>\ud83c\udf3f <strong>Wissenswert:<\/strong><br>Holz ist ein Naturprodukt \u2013 jeder K\u00fcrbis ist ein echtes Unikat! Kleine Unregelm\u00e4\u00dfigkeiten, Astl\u00f6cher oder Farbabweichungen machen den individuellen Charakter jedes St\u00fccks aus. Wer den Lagerfeuerduft nicht mag, kann ihn mit einem Spritzer Essig mildern.<\/p>\n\n\n\n<hr class=\"wp-block-separator has-alpha-channel-opacity\"\/>\n\n\n\n<p>\ud83d\udce6 <strong>Verf\u00fcgbarkeit, Abholung &amp; Versand:<\/strong><br><br>Die Produkte werden in liebevoller Handarbeit von Katzenfreunden in kleinen Mengen gefertigt und sind daher <strong>nur begrenzt verf\u00fcgbar<\/strong>. <\/p>\n\n\n\n<p><strong>Abholung <\/strong>ist in der <strong>VETPraxis f\u00fcr Kleintiere GmbH<\/strong> in 63599 Biebergem\u00fcnd-Kassel zu den <a href=\"https:\/\/www.praxis-kleintiere.de\" title=\"\">\u00d6ffnungszeiten<\/a> m\u00f6glich. <br>Sobald die Bestellung abholbereit ist, senden wir eine E-Mail. Kontaktier uns bitte, falls das Produkt zu einem gewissen Datum abholbereit sein soll per Mail an <a href=\"mailto:webmaster@katzenzuahuse.de\" title=\"mailto:webmaster@katzenzuahuse.de\">webmaster@katzenzuahuse.de<\/a> <\/p>\n\n\n\n<p><strong>Versand <\/strong>erfolgt per DHL.<\/p>\n","protected":false},"excerpt":{"rendered":"<p>Kleiner Holzk\u00fcrbis mit Lagerfeuerduft \u2013 liebevoll gelasert und individuell.<\/p>\n","protected":false},"featured_media":7700,"template":"","meta":[],"product_brand":[],"product_cat":[30],"product_tag":[],"class_list":{"0":"post-7225","1":"product","2":"type-product","3":"status-publish","4":"has-post-thumbnail","6":"product_cat-herbst","7":"product_shipping_class-versand-gross","9":"first","10":"instock","11":"shipping-taxable","12":"purchasable","13":"product-type-simple"},"aioseo_notices":[],"_links":{"self":[{"href":"https:\/\/katzenzuhause-shop.de\/index.php?rest_route=\/wp\/v2\/product\/7225","targetHints":{"allow":["GET"]}}],"collection":[{"href":"https:\/\/katzenzuhause-shop.de\/index.php?rest_route=\/wp\/v2\/product"}],"about":[{"href":"https:\/\/katzenzuhause-shop.de\/index.php?rest_route=\/wp\/v2\/types\/product"}],"wp:featuredmedia":[{"embeddable":true,"href":"https:\/\/katzenzuhause-shop.de\/index.php?rest_route=\/wp\/v2\/media\/7700"}],"wp:attachment":[{"href":"https:\/\/katzenzuhause-shop.de\/index.php?rest_route=%2Fwp%2Fv2%2Fmedia&parent=7225"}],"wp:term":[{"taxonomy":"product_brand","embeddable":true,"href":"https:\/\/katzenzuhause-shop.de\/index.php?rest_route=%2Fwp%2Fv2%2Fproduct_brand&post=7225"},{"taxonomy":"product_cat","embeddable":true,"href":"https:\/\/katzenzuhause-shop.de\/index.php?rest_route=%2Fwp%2Fv2%2Fproduct_cat&post=7225"},{"taxonomy":"product_tag","embeddable":true,"href":"https:\/\/katzenzuhause-shop.de\/index.php?rest_route=%2Fwp%2Fv2%2Fproduct_tag&post=7225"}],"curies":[{"name":"wp","href":"https:\/\/api.w.org\/{rel}","templated":true}]}}