{"id":7214,"date":"2025-10-20T11:57:26","date_gmt":"2025-10-20T11:57:26","guid":{"rendered":"http:\/\/katzenzuhause-shop.de\/?post_type=product&#038;p=7214"},"modified":"2026-03-21T14:58:25","modified_gmt":"2026-03-21T14:58:25","slug":"schmusekissen-fuer-katzen","status":"publish","type":"product","link":"https:\/\/katzenzuhause-shop.de\/?product=schmusekissen-fuer-katzen","title":{"rendered":"5 Schmusekissen f\u00fcr Katzen"},"content":{"rendered":"\n<p>\ud83d\udc08 <strong>Spiel, Spa\u00df und schnurrige Momente<\/strong><br>Unsere handgemachten <strong>Katzenschmusekissen<\/strong> bringen jede Katze zum Schnurren \u2013 ganz gleich ob jung oder alt! Die meisten Stubentiger lieben den Duft von <strong>Katzenminze<\/strong> und zeigen das auf ihre eigene, verspielte Art: Sie schlecken, schmusen, jagen, werfen und tragen das Kissen durch die ganze Wohnung.<\/p>\n\n\n\n<p>\u2728 <strong>Handarbeit:<\/strong><br>Jede Schmusekissen ist ein Unikat und wird in Handarbeit gefertigt. Die Kisschen sind mit hochwertiger Katzenminze gef\u00fcllt. Sie bereiten kleinen und auch gro\u00dfen Samtpfoten viel Freude. Ideal als Besch\u00e4ftigung, zur Beruhigung oder als Geschenk<\/p>\n\n\n\n<hr class=\"wp-block-separator has-alpha-channel-opacity\"\/>\n\n\n\n<p>\ud83d\udce6 <strong>Abholung &amp; Versand:<\/strong><br><br><strong>Abholung <\/strong>ist in der <strong>VETPraxis f\u00fcr Kleintiere GmbH<\/strong> in 63599 Biebergem\u00fcnd-Kassel zu den <a href=\"https:\/\/www.praxis-kleintiere.de\">\u00d6ffnungszeiten<\/a> m\u00f6glich.<br>Sobald die Bestellung abholbereit ist, senden wir eine E-Mail. <br><br>F\u00fcr einen Abholtermin zu einem bestimmten Datum kontaktiere uns bitte per Mail <a href=\"mailto:webmaster@katzenzuahuse.de\">webmaster@katzenzuahuse.de<\/a><\/p>\n\n\n\n<p><strong>Versand <\/strong>erfolgt per DHL.<\/p>\n\n\n\n<p><\/p>\n","protected":false},"excerpt":{"rendered":"<p>Duftende Schmusekissen mit Katzenminze \u2013 handgemacht, hei\u00dfgeliebt &amp; f\u00fcr einen guten Zweck. Jede Bestellung unterst\u00fctzt den Tierschutz!<\/p>\n","protected":false},"featured_media":7219,"template":"","meta":[],"product_brand":[],"product_cat":[76],"product_tag":[],"class_list":{"0":"post-7214","1":"product","2":"type-product","3":"status-publish","4":"has-post-thumbnail","6":"product_cat-katze","7":"product_shipping_class-versand-klein","9":"first","10":"instock","11":"shipping-taxable","12":"purchasable","13":"product-type-simple"},"aioseo_notices":[],"_links":{"self":[{"href":"https:\/\/katzenzuhause-shop.de\/index.php?rest_route=\/wp\/v2\/product\/7214","targetHints":{"allow":["GET"]}}],"collection":[{"href":"https:\/\/katzenzuhause-shop.de\/index.php?rest_route=\/wp\/v2\/product"}],"about":[{"href":"https:\/\/katzenzuhause-shop.de\/index.php?rest_route=\/wp\/v2\/types\/product"}],"wp:featuredmedia":[{"embeddable":true,"href":"https:\/\/katzenzuhause-shop.de\/index.php?rest_route=\/wp\/v2\/media\/7219"}],"wp:attachment":[{"href":"https:\/\/katzenzuhause-shop.de\/index.php?rest_route=%2Fwp%2Fv2%2Fmedia&parent=7214"}],"wp:term":[{"taxonomy":"product_brand","embeddable":true,"href":"https:\/\/katzenzuhause-shop.de\/index.php?rest_route=%2Fwp%2Fv2%2Fproduct_brand&post=7214"},{"taxonomy":"product_cat","embeddable":true,"href":"https:\/\/katzenzuhause-shop.de\/index.php?rest_route=%2Fwp%2Fv2%2Fproduct_cat&post=7214"},{"taxonomy":"product_tag","embeddable":true,"href":"https:\/\/katzenzuhause-shop.de\/index.php?rest_route=%2Fwp%2Fv2%2Fproduct_tag&post=7214"}],"curies":[{"name":"wp","href":"https:\/\/api.w.org\/{rel}","templated":true}]}}