{"id":8084,"date":"2026-03-22T09:44:03","date_gmt":"2026-03-22T09:44:03","guid":{"rendered":"http:\/\/katzenzuhause-shop.de\/?page_id=8084"},"modified":"2026-03-22T09:46:46","modified_gmt":"2026-03-22T09:46:46","slug":"versandarten","status":"publish","type":"page","link":"https:\/\/katzenzuhause-shop.de\/?page_id=8084","title":{"rendered":"Versandarten"},"content":{"rendered":"\t\t<div data-elementor-type=\"wp-page\" data-elementor-id=\"8084\" class=\"elementor elementor-8084\">\n\t\t\t\t<div class=\"elementor-element elementor-element-66441f0 e-flex e-con-boxed e-con e-parent\" data-id=\"66441f0\" data-element_type=\"container\" data-e-type=\"container\">\n\t\t\t\t\t<div class=\"e-con-inner\">\n\t\t\t\t<div class=\"elementor-element elementor-element-e465719 elementor-widget elementor-widget-text-editor\" data-id=\"e465719\" data-element_type=\"widget\" data-e-type=\"widget\" data-widget_type=\"text-editor.default\">\n\t\t\t\t\t\t\t\t\t<p>Wir bieten auf unserer Seite mehrere Versand bzw. Abholvarianten an:<\/p><ul><li><strong>Versand per DHL<\/strong><br \/>Pakete werden in der Regel per DHL versendet. Wir versuchen die Versandkosten so gering wie m\u00f6glich zu halten.<br \/><br \/><\/li><li><strong>Abholung<br \/><\/strong>In Kooperation mit der <a title=\"VETPraxis f\u00fcr Kleintiere\" href=\"http:\/\/www.praxis-kleintiere.de\" target=\"_blank\" rel=\"noopener\">VETPraxis f\u00fcr Kleintiere<\/a> in Biebergem\u00fcnd &#8211; Kassel besteht die M\u00f6glichkeit w\u00e4hrend der \u00d6ffnungszeiten die Spendenartikel dort abzuholen. Sobald die Artikel abholbereit sind, informieren wir per E-Mail.<\/li><\/ul>\t\t\t\t\t\t\t\t<\/div>\n\t\t\t\t\t<\/div>\n\t\t\t\t<\/div>\n\t\t\t\t<\/div>\n\t\t","protected":false},"excerpt":{"rendered":"<p>Wir bieten auf unserer Seite mehrere Versand bzw. Abholvarianten an: Versand per DHLPakete werden in der Regel per DHL versendet. Wir versuchen die Versandkosten so gering wie m\u00f6glich zu halten. AbholungIn Kooperation mit der VETPraxis f\u00fcr Kleintiere in Biebergem\u00fcnd &#8211; Kassel besteht die M\u00f6glichkeit w\u00e4hrend der \u00d6ffnungszeiten die Spendenartikel dort abzuholen. Sobald die Artikel abholbereit [&hellip;]<\/p>\n","protected":false},"author":1,"featured_media":0,"parent":0,"menu_order":0,"comment_status":"closed","ping_status":"closed","template":"","meta":{"footnotes":""},"class_list":["post-8084","page","type-page","status-publish","hentry"],"aioseo_notices":[],"_links":{"self":[{"href":"https:\/\/katzenzuhause-shop.de\/index.php?rest_route=\/wp\/v2\/pages\/8084","targetHints":{"allow":["GET"]}}],"collection":[{"href":"https:\/\/katzenzuhause-shop.de\/index.php?rest_route=\/wp\/v2\/pages"}],"about":[{"href":"https:\/\/katzenzuhause-shop.de\/index.php?rest_route=\/wp\/v2\/types\/page"}],"author":[{"embeddable":true,"href":"https:\/\/katzenzuhause-shop.de\/index.php?rest_route=\/wp\/v2\/users\/1"}],"replies":[{"embeddable":true,"href":"https:\/\/katzenzuhause-shop.de\/index.php?rest_route=%2Fwp%2Fv2%2Fcomments&post=8084"}],"version-history":[{"count":4,"href":"https:\/\/katzenzuhause-shop.de\/index.php?rest_route=\/wp\/v2\/pages\/8084\/revisions"}],"predecessor-version":[{"id":8089,"href":"https:\/\/katzenzuhause-shop.de\/index.php?rest_route=\/wp\/v2\/pages\/8084\/revisions\/8089"}],"wp:attachment":[{"href":"https:\/\/katzenzuhause-shop.de\/index.php?rest_route=%2Fwp%2Fv2%2Fmedia&parent=8084"}],"curies":[{"name":"wp","href":"https:\/\/api.w.org\/{rel}","templated":true}]}}