{"id":7195,"date":"2025-10-20T10:59:21","date_gmt":"2025-10-20T10:59:21","guid":{"rendered":"http:\/\/katzenzuhause-shop.de\/?page_id=7195"},"modified":"2026-03-22T09:47:20","modified_gmt":"2026-03-22T09:47:20","slug":"impressum","status":"publish","type":"page","link":"https:\/\/katzenzuhause-shop.de\/?page_id=7195","title":{"rendered":"Impressum"},"content":{"rendered":"\n<p><strong>Verwaltungsanschrift:<\/strong><br>Tierschutzverein Katzenzuhause e. V.<br>Bornwiesenweg 6<br>63599 Biebergem\u00fcnd<\/p>\n\n\n\n<p><strong>Telefonisch erreichbar f\u00fcr Fragen zum Tierschutzverein:<br><\/strong>Fr. Sabrina Seliger (1. Vorsitzende)<\/p>\n\n\n\n<p>Sollten Sie uns nicht direkt pers\u00f6nlich erreichen k\u00f6nnen, hinterlassen Sie bitte eine Nachricht auf unserem Anrufbeantworter \u2013 wir rufen Sie schnellstm\u00f6glich zur\u00fcck.<\/p>\n\n\n\n<p>Alle Vereinsmitglieder arbeiten ehrenamtlich f\u00fcr den Tierschutz. Die meisten von uns sind Vollzeit berufst\u00e4tig. Bitte haben Sie also Verst\u00e4ndnis, wenn das Telefon nicht immer besetzt ist oder wir Ihre E-Mail nicht sofort beantworten. Wir tun was wir k\u00f6nnen, damit jeder der uns kontaktiert so schnell wie m\u00f6glich Antworten auf seine Fragen bekommt oder sein Wunschtier kennenlernen kann. Doch leider geht es nicht immer so schnell, wie wir es selbst gerne h\u00e4tten \u2026<\/p>\n\n\n\n<p><strong>Bitte vereinbaren Sie telefonisch einen Termin, da wir kein \u00f6ffentliches Tierheim sind und unsere Vermittlungstiere sich auf Pflegestellen befinden.<\/strong><\/p>\n\n\n\n<p>Tel.: 06050 \/ 90 98 980<br>Fax.: 06050 \/ 90 84 22<br><a href=\"mailto:info@katzenzuhause.de\">info@katzenzuhause.de<\/a><\/p>\n\n\n\n<h2 class=\"wp-block-heading\">Bankverbindung<\/h2>\n\n\n\n<p>Kontoinhaber: Tierschutzverein Katzenzuhause e. V.<br>Bank: VR-Bank Main Kinzig eG<br>IBAN: DE58506616390007527292<br>BIC: GENODEF1LSR<\/p>\n\n\n\n<h2 class=\"wp-block-heading\">Haftungsausschuss<\/h2>\n\n\n\n<p><strong>Haftung f\u00fcr Inhalte<\/strong><br>Die Inhalte unserer Seiten wurden mit gr\u00f6\u00dfter Sorgfalt erstellt. F\u00fcr die Richtigkeit, Vollst\u00e4ndigkeit und Aktualit\u00e4t der Inhalte k\u00f6nnen wir jedoch keine Gew\u00e4hr \u00fcbernehmen.<\/p>\n\n\n\n<p>Als Diensteanbieter sind wir gem\u00e4\u00df \u00a7 7 Abs.1 TMG f\u00fcr eigene Inhalte auf diesen Seiten nach den allgemeinen Gesetzen verantwortlich. Nach \u00a7\u00a7 8 bis 10 TMG sind wir als Diensteanbieter jedoch nicht verpflichtet, \u00fcbermittelte oder gespeicherte fremde Informationen zu \u00fcberwachen oder nach Umst\u00e4nden zu forschen, die auf eine rechtswidrige T\u00e4tigkeit hinweisen. Verpflichtungen zur Entfernung oder Sperrung der Nutzung von Informationen nach den allgemeinen Gesetzen bleiben hiervon unber\u00fchrt. Eine diesbez\u00fcgliche Haftung ist jedoch erst ab dem Zeitpunkt der Kenntnis einer konkreten Rechtsverletzung m\u00f6glich. Bei bekannt werden von entsprechenden Rechtsverletzungen werden wir diese Inhalte umgehend entfernen.<\/p>\n\n\n\n<p><strong>Haftung f\u00fcr Links<\/strong><br>Unser Angebot enth\u00e4lt Links zu externen Webseiten Dritter, auf deren Inhalte wir keinen Einfluss haben. Deshalb k\u00f6nnen wir f\u00fcr diese fremden Inhalte auch keine Gew\u00e4hr \u00fcbernehmen. F\u00fcr die Inhalte der verlinkten Seiten ist stets der jeweilige Anbieter oder Betreiber der Seiten verantwortlich. Die verlinkten Seiten wurden zum Zeitpunkt der Verlinkung auf m\u00f6gliche Rechtsverst\u00f6\u00dfe \u00fcberpr\u00fcft. Rechtswidrige Inhalte waren zum Zeitpunkt der Verlinkung nicht erkennbar. Eine permanente inhaltliche Kontrolle der verlinkten Seiten ist jedoch ohne konkrete Anhaltspunkte einer Rechtsverletzung nicht zumutbar. Bei bekannt werden von Rechtsverletzungen werden wir derartige Links umgehend entfernen.<\/p>\n\n\n\n<p><strong>Urheberrecht<\/strong><br>Die durch die Seitenbetreiber erstellten Inhalte und Werke auf diesen Seiten unterliegen dem deutschen Urheberrecht. Beitr\u00e4ge Dritter sind als solche gekennzeichnet. Die Vervielf\u00e4ltigung, Bearbeitung, Verbreitung und jede Art der Verwertung au\u00dferhalb der Grenzen des Urheberrechtes bed\u00fcrfen der schriftlichen Zustimmung des jeweiligen Autors bzw. Erstellers. Downloads und Kopien dieser Seite sind nur f\u00fcr den privaten, nicht kommerziellen Gebrauch gestattet.<\/p>\n\n\n\n<p>Die Betreiber der Seiten sind bem\u00fcht, stets die Urheberrechte anderer zu beachten bzw. auf selbst erstellte sowie lizenzfreie Werke zur\u00fcckzugreifen.<\/p>\n\n\n\n<h2 class=\"wp-block-heading\">Vereinsregister<\/h2>\n\n\n\n<p>Der Tierschutzverein Katzenzuhause e. V. ist im Vereinsregister des Amtgerichts Hanau unter der Registernummer VR 31686 eingetragen.<\/p>\n\n\n\n<h2 class=\"wp-block-heading\">Copyright<\/h2>\n\n\n\n<p>Das Copyright dieser Seite, inklusive den Bildern (soweit nicht anders angegeben) und Texten, unterliegt dem Tierschutzverein Katzenzuhause e. V.<\/p>\n\n\n\n<h2 class=\"wp-block-heading\">Das Impressum gilt auch f\u00fcr folgende Onlinepr\u00e4senzen<\/h2>\n\n\n\n<p>Shop:&nbsp;<a href=\"http:\/\/katzenzuhause-shop.de\/\">http:\/\/katzenzuhause-shop.de\/<\/a><br>Facebook:&nbsp;<a href=\"https:\/\/www.facebook.com\/TierschutzvereinKatzenzuhause\" target=\"_blank\" rel=\"noreferrer noopener\">https:\/\/www.facebook.com\/TierschutzvereinKatzenzuhause<\/a><br>Instagram:&nbsp;<a href=\"https:\/\/www.instagram.com\/tierschutzvereinkatzenzuhause\/\" target=\"_blank\" rel=\"noreferrer noopener\">https:\/\/www.instagram.com\/tierschutzvereinkatzenzuhause\/<\/a><\/p>\n\n<div class=\"woocommerce woocommerce-gzd woocommerce-gzd-complaints-shortcode\">\n\t\t\t<h3>Alternative Streitbeilegung gem\u00e4\u00df Art. 14 Abs. 1 ODR-VO und \u00a7 36 VSBG:<\/h3>\n\t\nZur Teilnahme an einem Streitbeilegungsverfahren vor einer Verbraucherschlichtungsstelle sind wir nicht verpflichtet und nicht bereit.<\/div>\n","protected":false},"excerpt":{"rendered":"<p>Verwaltungsanschrift:Tierschutzverein Katzenzuhause e. V.Bornwiesenweg 663599 Biebergem\u00fcnd Telefonisch erreichbar f\u00fcr Fragen zum Tierschutzverein:Fr. Sabrina Seliger (1. Vorsitzende) Sollten Sie uns nicht direkt pers\u00f6nlich erreichen k\u00f6nnen, hinterlassen Sie bitte eine Nachricht auf unserem Anrufbeantworter \u2013 wir rufen Sie schnellstm\u00f6glich zur\u00fcck. Alle Vereinsmitglieder arbeiten ehrenamtlich f\u00fcr den Tierschutz. Die meisten von uns sind Vollzeit berufst\u00e4tig. Bitte haben Sie [&hellip;]<\/p>\n","protected":false},"author":1,"featured_media":0,"parent":0,"menu_order":0,"comment_status":"closed","ping_status":"closed","template":"","meta":{"footnotes":""},"class_list":["post-7195","page","type-page","status-publish","hentry"],"aioseo_notices":[],"_links":{"self":[{"href":"https:\/\/katzenzuhause-shop.de\/index.php?rest_route=\/wp\/v2\/pages\/7195","targetHints":{"allow":["GET"]}}],"collection":[{"href":"https:\/\/katzenzuhause-shop.de\/index.php?rest_route=\/wp\/v2\/pages"}],"about":[{"href":"https:\/\/katzenzuhause-shop.de\/index.php?rest_route=\/wp\/v2\/types\/page"}],"author":[{"embeddable":true,"href":"https:\/\/katzenzuhause-shop.de\/index.php?rest_route=\/wp\/v2\/users\/1"}],"replies":[{"embeddable":true,"href":"https:\/\/katzenzuhause-shop.de\/index.php?rest_route=%2Fwp%2Fv2%2Fcomments&post=7195"}],"version-history":[{"count":2,"href":"https:\/\/katzenzuhause-shop.de\/index.php?rest_route=\/wp\/v2\/pages\/7195\/revisions"}],"predecessor-version":[{"id":8090,"href":"https:\/\/katzenzuhause-shop.de\/index.php?rest_route=\/wp\/v2\/pages\/7195\/revisions\/8090"}],"wp:attachment":[{"href":"https:\/\/katzenzuhause-shop.de\/index.php?rest_route=%2Fwp%2Fv2%2Fmedia&parent=7195"}],"curies":[{"name":"wp","href":"https:\/\/api.w.org\/{rel}","templated":true}]}}